{"id":29790,"date":"2024-04-10T17:18:27","date_gmt":"2024-04-10T14:18:27","guid":{"rendered":"https:\/\/sanblesc.md\/?post_type=product&#038;p=29790"},"modified":"2024-04-11T12:12:18","modified_gmt":"2024-04-11T09:12:18","slug":"filtru-de-apa-sanblesc","status":"publish","type":"product","link":"https:\/\/sanblesc.md\/ru\/shop\/filtre-apa\/filtru-de-apa-sanblesc\/","title":{"rendered":"Filtru de Ap\u0103 cu Osmoz\u0103 Invers\u0103"},"content":{"rendered":"<div style=\"display: flex; align-items: center; justify-content: center; padding-bottom: 25px;\">\n<\/div>\n<h5><strong>Filtru de curgere pentru ap\u0103<\/strong><\/h5>\n","protected":false},"excerpt":{"rendered":"<div style=\"overflow-x: auto; font-size: 14px; vertical-align: middle;\">\n<table border=\"0\" width=\"auto\">\n<tbody>\n<tr>\n<td>Brand:<\/td>\n<td>Sanblesc<\/td>\n<\/tr>\n<\/tr>\n<tr>\n<td>Osmoz\u0103 invers\u0103:<\/td>\n<td>Da<\/td>\n<\/tr>\n<tr>\n<td>Prima Etap\u0103:<\/td>\n<td>C\u0103rtu\u0219 SEDIMENT PP-5 din propilen\u0103. Cur\u0103\u021barea de particule mai mari de 5 microni. Perioada de expluatare 3-6 Luni:<\/td>\n<\/tr>\n<tr>\n<td>A Doua Etap\u0103:<\/td>\n<td>C\u0103rtu\u0219 CARBON BLOCK CTO-10 din c\u0103rbune brichet\u0103. Cur\u0103\u021barea de de elemente clororganice (eliminarea mirosului \u0219i a culoarei). Perioada de expluatare 3-6 Luni:<\/td>\n<\/tr>\n<tr>\n<td>A Treia Etap\u0103:<\/td>\n<td>C\u0103rtu\u0219 SEDIMENT PP-1. Cur\u0103\u021barea de particule mai mari de 1 micron. Perioada de expluatare 3-6 Luni:<\/td>\n<\/tr>\n<tr>\n<td>A Patra Etap\u0103:<\/td>\n<td>Element de membran\u0103 T33. Cur\u0103\u021barea total\u0103 a apei.Elimin\u0103 99% de s\u0103ruri:<\/td>\n<\/tr>\n<tr>\n<td>A Cincea Etap\u0103:<\/td>\n<td>Filtru IN-Line GA-1L din c\u0103rbune granulat. \u00cembun\u0103t\u0103\u021be\u0219te calit\u0103\u021bilor organice a apei. Perioada de expluatare 12 Luni:<\/td>\n<\/tr>\n<tr>\n<td>A \u0218asea Etap\u0103:<\/td>\n<td>Mineralizorul \u00eemboga\u021be\u0219te apa cu minerale<\/td>\n<\/tr>\n<tr>\n<td>Garan\u021bie:<\/td>\n<td>2 ani<\/td>\n<\/tr>\n<tr>\n<td>Complecta\u021bie:<\/td>\n<td>Robinet<\/td>\n<\/tr>\n<\/tbody>\n<\/table>\n<\/div>\n","protected":false},"featured_media":29798,"template":"","meta":[],"product_brand":[],"product_cat":[1309],"product_tag":[1331,1330,1332],"class_list":{"0":"post-29790","1":"product","2":"type-product","3":"status-publish","4":"has-post-thumbnail","6":"product_cat-filtre-apa","7":"product_tag-apa","8":"product_tag-filtre","9":"product_tag-sanblesc","12":"first","13":"instock","14":"shipping-taxable","15":"purchasable","16":"product-type-variable","17":"has-default-attributes"},"aioseo_notices":[],"_links":{"self":[{"href":"https:\/\/sanblesc.md\/ru\/wp-json\/wp\/v2\/product\/29790","targetHints":{"allow":["GET"]}}],"collection":[{"href":"https:\/\/sanblesc.md\/ru\/wp-json\/wp\/v2\/product"}],"about":[{"href":"https:\/\/sanblesc.md\/ru\/wp-json\/wp\/v2\/types\/product"}],"wp:featuredmedia":[{"embeddable":true,"href":"https:\/\/sanblesc.md\/ru\/wp-json\/wp\/v2\/media\/29798"}],"wp:attachment":[{"href":"https:\/\/sanblesc.md\/ru\/wp-json\/wp\/v2\/media?parent=29790"}],"wp:term":[{"taxonomy":"product_brand","embeddable":true,"href":"https:\/\/sanblesc.md\/ru\/wp-json\/wp\/v2\/product_brand?post=29790"},{"taxonomy":"product_cat","embeddable":true,"href":"https:\/\/sanblesc.md\/ru\/wp-json\/wp\/v2\/product_cat?post=29790"},{"taxonomy":"product_tag","embeddable":true,"href":"https:\/\/sanblesc.md\/ru\/wp-json\/wp\/v2\/product_tag?post=29790"}],"curies":[{"name":"wp","href":"https:\/\/api.w.org\/{rel}","templated":true}]}}