{"id":25209,"date":"2022-04-09T11:57:39","date_gmt":"2022-04-09T08:57:39","guid":{"rendered":"https:\/\/sanblesc.md\/%d0%bc%d0%b0%d0%b3%d0%b0%d0%b7%d0%b8%d0%bd\/"},"modified":"2022-04-09T11:57:39","modified_gmt":"2022-04-09T08:57:39","slug":"shop-ru","status":"publish","type":"page","link":"https:\/\/sanblesc.md\/ru\/shop-ru\/","title":{"rendered":"\u041c\u0430\u0433\u0430\u0437\u0438\u043d"},"content":{"rendered":"<p>Oferim produsele ambalate \u00een cutie cu toate cerin\u021bele \u0219i actele tehnice. Materialele din care sunt realizate sunt reprezentate din piatra naturala de cea mai buna calitate: marmur\u0103, piatr\u0103.<br \/>\n<br \/>\nChiuvetele din piatr\u0103 sunt apreciate pentru rezisten\u021b\u0103, aspectul lor unic, marea diversitate a culorilor, montajul f\u0103r\u0103 dificultate, \u00eentre\u021binerea u\u0219oara \u0219i, nu in ultimul rand, pre\u021bul accesibil.<\/p>\n<p>Vede\u021bi mai jos, produsele noastre:<\/p>\n","protected":false},"excerpt":{"rendered":"<p>Oferim produsele ambalate \u00een cutie cu toate cerin\u021bele \u0219i actele tehnice. Materialele din care sunt realizate sunt reprezentate din piatra naturala de cea mai buna calitate: marmur\u0103, piatr\u0103. Chiuvetele din piatr\u0103 sunt apreciate pentru rezisten\u021b\u0103, aspectul lor unic, marea diversitate a culorilor, montajul f\u0103r\u0103 dificultate, \u00eentre\u021binerea u\u0219oara \u0219i, nu in ultimul rand, pre\u021bul accesibil. Vede\u021bi&hellip; <a class=\"read-more-link\" href=\"https:\/\/sanblesc.md\/ru\/shop-ru\/\">Read More<\/a><\/p>\n","protected":false},"author":1,"featured_media":0,"parent":0,"menu_order":0,"comment_status":"closed","ping_status":"closed","template":"","meta":{"footnotes":""},"class_list":["post-25209","page","type-page","status-publish","hentry"],"aioseo_notices":[],"_links":{"self":[{"href":"https:\/\/sanblesc.md\/ru\/wp-json\/wp\/v2\/pages\/25209","targetHints":{"allow":["GET"]}}],"collection":[{"href":"https:\/\/sanblesc.md\/ru\/wp-json\/wp\/v2\/pages"}],"about":[{"href":"https:\/\/sanblesc.md\/ru\/wp-json\/wp\/v2\/types\/page"}],"author":[{"embeddable":true,"href":"https:\/\/sanblesc.md\/ru\/wp-json\/wp\/v2\/users\/1"}],"replies":[{"embeddable":true,"href":"https:\/\/sanblesc.md\/ru\/wp-json\/wp\/v2\/comments?post=25209"}],"version-history":[{"count":1,"href":"https:\/\/sanblesc.md\/ru\/wp-json\/wp\/v2\/pages\/25209\/revisions"}],"predecessor-version":[{"id":27724,"href":"https:\/\/sanblesc.md\/ru\/wp-json\/wp\/v2\/pages\/25209\/revisions\/27724"}],"wp:attachment":[{"href":"https:\/\/sanblesc.md\/ru\/wp-json\/wp\/v2\/media?parent=25209"}],"curies":[{"name":"wp","href":"https:\/\/api.w.org\/{rel}","templated":true}]}}